{"id":87,"date":"2015-12-02T11:23:32","date_gmt":"2015-12-02T10:23:32","guid":{"rendered":"http:\/\/www.ifsrl.it\/wordpress\/?page_id=87"},"modified":"2015-12-03T10:16:21","modified_gmt":"2015-12-03T09:16:21","slug":"la-privacy-policy-di-if","status":"publish","type":"page","link":"http:\/\/www.ifsrl.it\/wordpress\/?page_id=87","title":{"rendered":"La privacy policy di If"},"content":{"rendered":"<p class=\"Stile8\"><strong>Privacy Policy del sito<\/strong><\/p>\n<p class=\"Stile11\">La barra che state vedendo in fondo alla pagina <b>rimarr\u00e0 fissa allo scorrere della pagina<\/b>. Scomparir\u00e0 solo quando il lettore avr\u00e0 cliccato sul link<b> OK<\/b> e <b>non sar\u00e0 pi\u00f9 visibile per un anno<\/b> quando si aprir\u00e0 il sito con lo stesso browser. L&#8217;altro link <b>Maggiori informazioni<\/b> porter\u00e0 il lettore a aprire <strong>questa<\/strong> pagina per avere pi\u00f9 informazioni sui cookie.<\/p>\n<p class=\"Stile11\">Prima di descrivere la nostra politica della privacy, vogliamo dare una spiegazione agli utenti meno esperti su che cosa siano i cookies e come funzionano.<\/p>\n<p class=\"Stile11\">Un cookie \u00e8 un piccolo file di testo che viene creato all&#8217;interno del computer di chi visualizza un sito web, allo scopo di registrarvi alcune informazioni relative alla visita; tale cookie viene creato ( e successivamente pu\u00f2 essere modificato) dallo stesso sito web che lo ha generato. <strong>L&#8217;utente pu\u00f2 sempre decidere di eliminare tutti i cookies dal proprio dispositivo<\/strong>.<\/p>\n<p class=\"Stile11\">In pratica possiamo dire che i cookie sono una sorta di &#8220;memoria&#8221; attraverso la quale un sito web riesce a riconoscere uno specifico utente e ad associargli delle informazioni di varia natura e per differenti finalit\u00e0.<\/p>\n<p class=\"Stile11\"><strong>I cookie sono uno strumento tecnico essenziale per il buono e corretto funzionamento di quasi tutti i siti web esistenti<\/strong>.<\/p>\n<p class=\"Stile11\">Per rendercene conto \u00e8 sufficiente un piccolo esperimento: proviamo a bloccare &#8211; attraverso le impostazioni del browser &#8211; tutti i cookie, dopodich\u00e9 proviamo a navigare e ad utilizzare i nostri servizi on-line preferiti.<br \/>\nBasterebbero pochi minuti per renderci conto che, senza i cookie, non ci sarebbe possibile accedere a Facebook o alla nostra webmail preferita, utilizzare il nostro home-banking ne fare moltissime altre cose.<\/p>\n<p class=\"Stile11\">La capacit\u00e0 dei cookie di identificare un utente e di associargli delle informazioni, infatti, \u00e8 stata concepita per finalit\u00e0 tecniche molto importanti e non certo per poter tracciare un profilo della personalit\u00e0 e delle abitudini dell&#8217;utente di Internet.<\/p>\n<p class=\"Stile11\">I cookies possono essere distinti in:<\/p>\n<ul class=\"Stile9\">\n<li><span class=\"Stile10\"><strong>Cookie tecnici<\/strong><br \/>\nSi tratta di cookie normalmente trasmessi in prima persona dal gestore del sito per finalit\u00e0 strettamente connesse al buon e corretto funzionamento del sito stesso. Questa famiglia di cookie comprende: <\/span><\/p>\n<ul>\n<li class=\"Stile10\"><strong>Cookie di navigazione (o di sessione)<\/strong><br \/>\nQuesti cookie sono necessari per garantire la normale fruizione del sito web e desi suoi servizi permettendo, ad esempio, di autenticarsi ad aree riservate o di effettuare un acquisto.<\/li>\n<li class=\"Stile10\"><strong>Cookie funzionali<\/strong><br \/>\nQuesti cookie, pur non essendo essenziali, migliorano la funzionalit\u00e0 del sito in quanto consentono all&#8217;utente di esprimere delle preferenze persistenti circa alcuni aspetti della navigazione (ad esempio selezionare la lingua o memorizzare alcuni prodotti nel carrello o nella lista dei desideri all&#8217;interno di un sito di e-commerce).<\/li>\n<li class=\"Stile10\"><strong>Cookie di Analytics (o statistici)<\/strong><br \/>\nSono considerati &#8220;cookie tecnici&#8221; laddove utilizzati direttamente dal gestore del sito per raccogliere informazioni, in forma aggregata, sul numero degli utenti e su come questi visitano il sito.<\/li>\n<\/ul>\n<\/li>\n<li class=\"Stile10\"><strong>Cookie di profilazione<\/strong><br \/>\nRiprendendo la definizione data dal garante della Privacy i cookie di profilazione &#8220;sono volti a creare profili relativi all&#8217;utente e vengono utilizzati al fine di inviare messaggi pubblicitari in linea con le preferenze manifestate dallo stesso nell&#8217;ambito della navigazione in rete&#8221;.<\/li>\n<\/ul>\n<p class=\"Stile11\">Questo sito uitlizza solo cookies tecnici per consentire una migliore navigazione: in particolare, utilizziamo i cookies per ricordare se hai autorizzato l&#8217;uso dei cookies sul sito ed evitarti di ricevere continuamente una richiesta in tal senso.<\/p>\n<p class=\"Stile11\">Non \u00e8 necessario abilitare i cookies perch\u00e9 il sito funzioni, ma farlo migliora la navigazione, evitando, per esempio, che alla prossima visita venga richiesta l&#8217;utorizzazione all&#8217;uso dei cookies.<\/p>\n<p class=\"Stile11\">\u00c8 possibile cancellare o bloccare i cookies, andando al men\u00f9 Opzioni del tuo browser, per\u00f2 in questo caso alcune funzioni del sito potrebbero non funzionare correttamente. Maggiori informazioni su come cancellare i cookies al termine di questa pagina .<\/p>\n<p class=\"Stile11\">Le informazioni riguardanti i cookies non sono utilizzate per identificare gli utenti e i dati di navigazione restano sempre sotto il nostro controllo. Questi cookies servono esclusivamente per i fini qui descritti.<\/p>\n<p class=\"Stile11\">Oltre a questo, <strong>il sito utilizza l&#8217;applicazione Google Analytics<\/strong> per monitorare i dati sulle pagine pi\u00f9 visitate, sul numero di visite giornaliere e altri dati ottenuti <strong>sempre in forma anonima<\/strong>, avendo provveduto a richiedere allo script di Google di anonimizzare gli IP degli utenti che si collegano.<br \/>\nNessun dato di navigazione personale viene acquisito da questo sito, e i Termini di Utilizzo di Google Analytics assicurano altrettanto circa i dati raccolti dopo aver anonimizzato gli IP.<\/p>\n<p class=\"Stile11\">In ogni caso, <strong>se non si accetta la politica dei cookies di questo sito nessun cookie di Google Analytics viene abilitato <\/strong>.<\/p>\n<p class=\"Stile11\">Questo sito<strong> non utilizza Google AdSense<\/strong>, quindi non viene eseguita alcuna profilazione dell&#8217;utente volta a pubblicizzare prodotti cui l&#8217;utente si \u00e8 interessato durante la navigazione.<\/p>\n<p class=\"Stile11\">In questo sito, nella Home Page \u00e8 presente un pulsante per collegarsi alla pagina <strong>Facebook<\/strong> di If Formazione, quindi vengono utilizzati cookies di terze parti, nello specifico di Facebook. A <a href=\"https:\/\/www.facebook.com\/help\/cookies?ref_type=sitefooter\" target=\"_blank\">questo link ( <strong>Facebook<\/strong> )<\/a> \u00e8 presente la Privacy Policy di Facebook.<\/p>\n<p class=\"Stile11\">Tuttavia tale pulsante non \u00e8 visibile se l&#8217;utente non ha accettato l&#8217;uso dei cookies.<\/p>\n<p class=\"Stile11\">Inoltre, per poter interagire con il sito, ad esempio per lasciare un commento ai post presenti, \u00e8 necessario registrarsi, inserendo il proprio nome e un indirizzo di posta elettronica valido. Tali dati vengono conservati da If..srl secondo la normativa e <strong>non vengono in alcum modo ceduti a terzi.<\/strong><\/p>\n<p class=\"Stile11\">Per richieste di ulteriori chiarimenti potete contattarci ai riferimenti presenti nella pagina <a title=\"Contatti\" href=\"http:\/\/www.ifsrl.it\/wordpress\/?page_id=89\"><strong>Contatti<\/strong><\/a> di questo sito.<\/p>\n<p class=\"Stile2\"><strong>Gestione dei cookies sul proprio browser<\/strong><\/p>\n<p class=\"Stile2\">L\u2019utente pu\u00f2 bloccare o limitare la ricezione di cookies attraverso le opzioni del proprio browser.<\/p>\n<p class=\"Stile2\">Su <strong>Internet Explorer<\/strong>, cliccare sulla voce \u201cStrumenti\u201d della Barra dei men\u00f9 e poi sulla sottovoce \u201cOpzioni Internet\u201d. Infine accedere alle impostazioni della scheda \u201cPrivacy\u201d per modificare le preferenze relative ai cookies.<\/p>\n<p class=\"Stile2\">Su <strong>Firefox<\/strong>, cliccare sulla voce \u201cStrumenti\u201d della Barra dei men\u00f9 e poi sulla sottovoce \u201cOpzioni\u201d. Infine accedere alle impostazioni della voce \u201cPrivacy\u201d per modificare le preferenze relative ai cookies.<\/p>\n<p class=\"Stile2\">Su <strong>Chrome<\/strong>, digitare \u201cchrome:\/\/settings\/content\u201d nella barra degli indirizzi (senza virgolette) e modificare le impostazioni relative ai cookies come si desidera.<\/p>\n<p class=\"Stile2\">Su <strong>Safari<\/strong>, selezionare la voce \u201cPreferenze\u201d e poi scegliere \u201cPrivacy\u201d. Nella sezione Blocca Cookie specificare come Safari deve accettare i cookie dai siti internet.<\/p>\n<p class=\"Stile2\">Se si usa Safari su dispositivi portatili, come iPhone e iPad, \u00e8 necessario invece agire in questo modo: andare sulla voce \u201cimpostazioni\u201d del dispositivo e in seguito trovare \u201cSafari\u201d sul men\u00f9 di sinistra. Da qui, alla voce \u201cPrivacy e sicurezza\u201d, sar\u00e0 possibile gestire le opzioni sui Cookie.<\/p>\n<p class=\"Stile2\">Per cancellare i cookies presenti sul tuo pc puoi seguire le indicazioni presenti a questo link:<\/p>\n<p class=\"Stile2\"><a href=\"http:\/\/www.aranzulla.it\/come-eliminare-i-cookie-78137.html\" target=\"_blank\">http:\/\/www.aranzulla.it\/come-eliminare-i-cookie-78137.html <\/a><\/p>\n","protected":false},"excerpt":{"rendered":"<p>Privacy Policy del sito La barra che state vedendo in fondo alla pagina rimarr\u00e0 fissa allo scorrere della pagina. Scomparir\u00e0 solo quando il lettore avr\u00e0 cliccato sul link OK e non sar\u00e0 pi\u00f9 visibile per un anno quando si aprir\u00e0 il sito con lo stesso browser. L&#8217;altro link Maggiori informazioni porter\u00e0 il lettore a aprire&#8230;<\/p>\n","protected":false},"author":1,"featured_media":0,"parent":0,"menu_order":0,"comment_status":"open","ping_status":"open","template":"","meta":[],"_links":{"self":[{"href":"http:\/\/www.ifsrl.it\/wordpress\/index.php?rest_route=\/wp\/v2\/pages\/87"}],"collection":[{"href":"http:\/\/www.ifsrl.it\/wordpress\/index.php?rest_route=\/wp\/v2\/pages"}],"about":[{"href":"http:\/\/www.ifsrl.it\/wordpress\/index.php?rest_route=\/wp\/v2\/types\/page"}],"author":[{"embeddable":true,"href":"http:\/\/www.ifsrl.it\/wordpress\/index.php?rest_route=\/wp\/v2\/users\/1"}],"replies":[{"embeddable":true,"href":"http:\/\/www.ifsrl.it\/wordpress\/index.php?rest_route=%2Fwp%2Fv2%2Fcomments&post=87"}],"version-history":[{"count":7,"href":"http:\/\/www.ifsrl.it\/wordpress\/index.php?rest_route=\/wp\/v2\/pages\/87\/revisions"}],"predecessor-version":[{"id":113,"href":"http:\/\/www.ifsrl.it\/wordpress\/index.php?rest_route=\/wp\/v2\/pages\/87\/revisions\/113"}],"wp:attachment":[{"href":"http:\/\/www.ifsrl.it\/wordpress\/index.php?rest_route=%2Fwp%2Fv2%2Fmedia&parent=87"}],"curies":[{"name":"wp","href":"https:\/\/api.w.org\/{rel}","templated":true}]}}